{"id":11,"date":"2025-11-29T21:30:40","date_gmt":"2025-11-29T21:30:40","guid":{"rendered":"https:\/\/antmet.fi\/?page_id=11"},"modified":"2025-12-27T23:37:07","modified_gmt":"2025-12-27T23:37:07","slug":"antmet-oy","status":"publish","type":"page","link":"https:\/\/antmet.fi\/","title":{"rendered":"AntMet Oy"},"content":{"rendered":"\n<p class=\"has-text-align-left has-medium-font-size\">AntMet Oy on tilauskonepaja, joka toimittaa asiakkailleen materiaalink\u00e4sittelyj\u00e4rjestelmi\u00e4, projektien kokonaisratkaisuja sek\u00e4 koneistuspalveluja.<\/p>\n\n\n\n<figure class=\"wp-block-gallery has-nested-images columns-default is-cropped wp-block-gallery-1 is-layout-flex wp-block-gallery-is-layout-flex\">\n<figure class=\"wp-block-image size-large\"><img fetchpriority=\"high\" decoding=\"async\" width=\"1000\" height=\"1000\" data-id=\"32\" src=\"https:\/\/antmet.fi\/wp-content\/uploads\/2025\/04\/5T6A7476.jpg\" alt=\"\" class=\"wp-image-32\" srcset=\"https:\/\/antmet.fi\/wp-content\/uploads\/2025\/04\/5T6A7476.jpg 1000w, https:\/\/antmet.fi\/wp-content\/uploads\/2025\/04\/5T6A7476-300x300.jpg 300w, https:\/\/antmet.fi\/wp-content\/uploads\/2025\/04\/5T6A7476-150x150.jpg 150w, https:\/\/antmet.fi\/wp-content\/uploads\/2025\/04\/5T6A7476-768x768.jpg 768w\" sizes=\"(max-width: 1000px) 100vw, 1000px\" \/><\/figure>\n\n\n\n<figure class=\"wp-block-image size-large\"><img decoding=\"async\" width=\"1000\" height=\"1000\" data-id=\"33\" src=\"https:\/\/antmet.fi\/wp-content\/uploads\/2025\/04\/5T6A7411.jpg\" alt=\"\" class=\"wp-image-33\" srcset=\"https:\/\/antmet.fi\/wp-content\/uploads\/2025\/04\/5T6A7411.jpg 1000w, https:\/\/antmet.fi\/wp-content\/uploads\/2025\/04\/5T6A7411-300x300.jpg 300w, https:\/\/antmet.fi\/wp-content\/uploads\/2025\/04\/5T6A7411-150x150.jpg 150w, https:\/\/antmet.fi\/wp-content\/uploads\/2025\/04\/5T6A7411-768x768.jpg 768w\" sizes=\"(max-width: 1000px) 100vw, 1000px\" \/><\/figure>\n\n\n\n<figure class=\"wp-block-image size-large\"><img decoding=\"async\" width=\"1000\" height=\"1000\" data-id=\"29\" src=\"https:\/\/antmet.fi\/wp-content\/uploads\/2025\/04\/5T6A7346.jpg\" alt=\"\" class=\"wp-image-29\" srcset=\"https:\/\/antmet.fi\/wp-content\/uploads\/2025\/04\/5T6A7346.jpg 1000w, https:\/\/antmet.fi\/wp-content\/uploads\/2025\/04\/5T6A7346-300x300.jpg 300w, https:\/\/antmet.fi\/wp-content\/uploads\/2025\/04\/5T6A7346-150x150.jpg 150w, https:\/\/antmet.fi\/wp-content\/uploads\/2025\/04\/5T6A7346-768x768.jpg 768w\" sizes=\"(max-width: 1000px) 100vw, 1000px\" \/><\/figure>\n\n\n\n<figure class=\"wp-block-image size-large\"><img loading=\"lazy\" decoding=\"async\" width=\"1000\" height=\"1000\" data-id=\"20\" src=\"https:\/\/antmet.fi\/wp-content\/uploads\/2025\/04\/5T6A7240.jpg\" alt=\"\" class=\"wp-image-20\" srcset=\"https:\/\/antmet.fi\/wp-content\/uploads\/2025\/04\/5T6A7240.jpg 1000w, https:\/\/antmet.fi\/wp-content\/uploads\/2025\/04\/5T6A7240-300x300.jpg 300w, https:\/\/antmet.fi\/wp-content\/uploads\/2025\/04\/5T6A7240-150x150.jpg 150w, https:\/\/antmet.fi\/wp-content\/uploads\/2025\/04\/5T6A7240-768x768.jpg 768w\" sizes=\"(max-width: 1000px) 100vw, 1000px\" \/><\/figure>\n\n\n\n<figure class=\"wp-block-image size-large\"><img loading=\"lazy\" decoding=\"async\" width=\"1000\" height=\"1000\" data-id=\"18\" src=\"https:\/\/antmet.fi\/wp-content\/uploads\/2025\/04\/5T6A7234.jpg\" alt=\"\" class=\"wp-image-18\" srcset=\"https:\/\/antmet.fi\/wp-content\/uploads\/2025\/04\/5T6A7234.jpg 1000w, https:\/\/antmet.fi\/wp-content\/uploads\/2025\/04\/5T6A7234-300x300.jpg 300w, https:\/\/antmet.fi\/wp-content\/uploads\/2025\/04\/5T6A7234-150x150.jpg 150w, https:\/\/antmet.fi\/wp-content\/uploads\/2025\/04\/5T6A7234-768x768.jpg 768w\" sizes=\"(max-width: 1000px) 100vw, 1000px\" \/><\/figure>\n\n\n\n<figure class=\"wp-block-image size-large\"><img loading=\"lazy\" decoding=\"async\" width=\"1000\" height=\"1000\" data-id=\"27\" src=\"https:\/\/antmet.fi\/wp-content\/uploads\/2025\/04\/5T6A7325.jpg\" alt=\"\" class=\"wp-image-27\" srcset=\"https:\/\/antmet.fi\/wp-content\/uploads\/2025\/04\/5T6A7325.jpg 1000w, https:\/\/antmet.fi\/wp-content\/uploads\/2025\/04\/5T6A7325-300x300.jpg 300w, https:\/\/antmet.fi\/wp-content\/uploads\/2025\/04\/5T6A7325-150x150.jpg 150w, https:\/\/antmet.fi\/wp-content\/uploads\/2025\/04\/5T6A7325-768x768.jpg 768w\" sizes=\"(max-width: 1000px) 100vw, 1000px\" \/><\/figure>\n<\/figure>\n\n\n\n<div class=\"wp-block-columns is-layout-flex wp-container-core-columns-is-layout-9d6595d7 wp-block-columns-is-layout-flex\">\n<div class=\"wp-block-column is-vertically-aligned-top is-layout-flow wp-block-column-is-layout-flow\">\n<div class=\"wp-block-columns is-layout-flex wp-container-core-columns-is-layout-9d6595d7 wp-block-columns-is-layout-flex\">\n<div class=\"wp-block-column is-layout-flow wp-block-column-is-layout-flow\"><\/div>\n<\/div>\n<\/div>\n<\/div>\n\n\n\n<h1 class=\"wp-block-heading has-medium-font-size\">Yhteystiedot<\/h1>\n\n\n\n<p style=\"font-size:15px;font-style:normal;font-weight:300\">Y-tunnus 3209076-8<\/p>\n\n\n\n<p style=\"font-size:15px;font-style:normal;font-weight:300\">Kauhaj\u00e4rventie 3 (k\u00e4yntiosoite)<\/p>\n\n\n\n<p style=\"font-size:15px;font-style:normal;font-weight:300\">Kauhaj\u00e4rventie 1 (postiosoite)<\/p>\n\n\n\n<p style=\"font-size:15px;font-style:normal;font-weight:300\">61950 JUONIKYL\u00c4<\/p>\n\n\n\n<p style=\"font-size:15px;font-style:normal;font-weight:300\"><a href=\"mailto:juha.anttila@antmet.fi\">juha.anttila@antmet.fi<\/a><\/p>\n\n\n\n<p style=\"font-size:15px;font-style:normal;font-weight:300\"><a href=\"tel:358400518055\">+358 40 051 8055<\/a><\/p>\n\n\n\n<p><\/p>\n","protected":false},"excerpt":{"rendered":"<p>AntMet Oy on tilauskonepaja, joka toimittaa asiakkailleen materiaalink\u00e4sittelyj\u00e4rjestelmi\u00e4, projektien kokonaisratkaisuja sek\u00e4 koneistuspalveluja. Yhteystiedot Y-tunnus 3209076-8 Kauhaj\u00e4rventie 3 (k\u00e4yntiosoite) Kauhaj\u00e4rventie 1 (postiosoite) 61950 JUONIKYL\u00c4 juha.anttila@antmet.fi +358 40 051 8055<\/p>\n","protected":false},"author":1,"featured_media":12,"parent":0,"menu_order":0,"comment_status":"closed","ping_status":"closed","template":"elementor_theme","meta":{"_kadence_starter_templates_imported_post":false,"footnotes":""},"class_list":["post-11","page","type-page","status-publish","has-post-thumbnail","hentry"],"_links":{"self":[{"href":"https:\/\/antmet.fi\/index.php?rest_route=\/wp\/v2\/pages\/11","targetHints":{"allow":["GET"]}}],"collection":[{"href":"https:\/\/antmet.fi\/index.php?rest_route=\/wp\/v2\/pages"}],"about":[{"href":"https:\/\/antmet.fi\/index.php?rest_route=\/wp\/v2\/types\/page"}],"author":[{"embeddable":true,"href":"https:\/\/antmet.fi\/index.php?rest_route=\/wp\/v2\/users\/1"}],"replies":[{"embeddable":true,"href":"https:\/\/antmet.fi\/index.php?rest_route=%2Fwp%2Fv2%2Fcomments&post=11"}],"version-history":[{"count":59,"href":"https:\/\/antmet.fi\/index.php?rest_route=\/wp\/v2\/pages\/11\/revisions"}],"predecessor-version":[{"id":271,"href":"https:\/\/antmet.fi\/index.php?rest_route=\/wp\/v2\/pages\/11\/revisions\/271"}],"wp:featuredmedia":[{"embeddable":true,"href":"https:\/\/antmet.fi\/index.php?rest_route=\/wp\/v2\/media\/12"}],"wp:attachment":[{"href":"https:\/\/antmet.fi\/index.php?rest_route=%2Fwp%2Fv2%2Fmedia&parent=11"}],"curies":[{"name":"wp","href":"https:\/\/api.w.org\/{rel}","templated":true}]}}